{"id":37,"date":"2023-06-22T18:49:57","date_gmt":"2023-06-22T18:49:57","guid":{"rendered":"https:\/\/3tempdistribution.com\/prueba-wp\/wordpress\/?page_id=37"},"modified":"2023-07-06T23:06:02","modified_gmt":"2023-07-06T23:06:02","slug":"privacidad","status":"publish","type":"page","link":"https:\/\/3tempdistribution.com\/index.php\/privacidad\/","title":{"rendered":"Privacidad"},"content":{"rendered":"\t\t<div data-elementor-type=\"wp-page\" data-elementor-id=\"37\" class=\"elementor elementor-37\">\n\t\t\t\t\t\t\t\t\t<section class=\"elementor-section elementor-top-section elementor-element elementor-element-d2de632 elementor-section-boxed elementor-section-height-default elementor-section-height-default\" data-id=\"d2de632\" data-element_type=\"section\">\n\t\t\t\t\t\t<div class=\"elementor-container elementor-column-gap-default\">\n\t\t\t\t\t<div class=\"elementor-column elementor-col-100 elementor-top-column elementor-element elementor-element-e96f5d0\" data-id=\"e96f5d0\" data-element_type=\"column\">\n\t\t\t<div class=\"elementor-widget-wrap elementor-element-populated\">\n\t\t\t\t\t\t\t\t<div class=\"elementor-element elementor-element-b01db2a elementor-widget elementor-widget-heading\" data-id=\"b01db2a\" data-element_type=\"widget\" data-widget_type=\"heading.default\">\n\t\t\t\t<div class=\"elementor-widget-container\">\n\t\t\t<style>\/*! elementor - v3.14.0 - 18-06-2023 *\/\n.elementor-heading-title{padding:0;margin:0;line-height:1}.elementor-widget-heading .elementor-heading-title[class*=elementor-size-]>a{color:inherit;font-size:inherit;line-height:inherit}.elementor-widget-heading .elementor-heading-title.elementor-size-small{font-size:15px}.elementor-widget-heading .elementor-heading-title.elementor-size-medium{font-size:19px}.elementor-widget-heading .elementor-heading-title.elementor-size-large{font-size:29px}.elementor-widget-heading .elementor-heading-title.elementor-size-xl{font-size:39px}.elementor-widget-heading .elementor-heading-title.elementor-size-xxl{font-size:59px}<\/style><h2 class=\"elementor-heading-title elementor-size-default\">Aviso de Privacidad<\/h2>\t\t<\/div>\n\t\t\t\t<\/div>\n\t\t\t\t<div class=\"elementor-element elementor-element-dcdb39b elementor-widget elementor-widget-text-editor\" data-id=\"dcdb39b\" data-element_type=\"widget\" data-widget_type=\"text-editor.default\">\n\t\t\t\t<div class=\"elementor-widget-container\">\n\t\t\t<style>\/*! elementor - v3.14.0 - 18-06-2023 *\/\n.elementor-widget-text-editor.elementor-drop-cap-view-stacked .elementor-drop-cap{background-color:#69727d;color:#fff}.elementor-widget-text-editor.elementor-drop-cap-view-framed .elementor-drop-cap{color:#69727d;border:3px solid;background-color:transparent}.elementor-widget-text-editor:not(.elementor-drop-cap-view-default) .elementor-drop-cap{margin-top:8px}.elementor-widget-text-editor:not(.elementor-drop-cap-view-default) .elementor-drop-cap-letter{width:1em;height:1em}.elementor-widget-text-editor .elementor-drop-cap{float:left;text-align:center;line-height:1;font-size:50px}.elementor-widget-text-editor .elementor-drop-cap-letter{display:inline-block}<\/style>\t\t\t\t<p><strong>3 TEMP DISTRIBUTION<\/strong>, con domicilio en calle Transportistas 15 BOD K10, Colonia Alvaro Obreg\u00f3n Alcald\u00eda Iztapalapa C.P. 09230, CMDX., en cumplimiento con lo establecido por la Ley Federal de Protecci\u00f3n de Datos Personales en Posesi\u00f3n de los Particulares, hace de su conocimiento que la informaci\u00f3n personal de sus Clientes y Proveedores ser\u00e1 utilizada \u00fanica y exclusivamente con la finalidad de proveerle los servicios o productos que ha solicitado para fines de identificaci\u00f3n e informarle sobre cambios en los mismos y evaluar la calidad del servicio que le brindamos. Nos comprometemos a que los mismos ser\u00e1n tratados bajo las m\u00e1s estrictas medidas de seguridad que garanticen su confidencialidad. Igualmente, es importante informarle que para las finalidades se\u00f1aladas en el presente Aviso de Privacidad, <strong>3 TEMP DISTRIBUTION<\/strong> solo obtiene los datos personales de sus Clientes y Proveedores ya sea directamente, cuando visita nuestro sitio de Internet o utiliza nuestros servicios en l\u00ednea y, cuando obtenemos informaci\u00f3n a trav\u00e9s de otras fuentes que est\u00e1n permitidas por la ley, tales como los directorios telef\u00f3nicos, Internet, revistas y publicaciones. Los datos que obtenemos por estos medios pueden ser, entre otros: Nombre completo, domicilio, tel\u00e9fono (fijo, celular y radio), correo electr\u00f3nico, cedula fiscal (RFC), informaci\u00f3n bancaria, investigaci\u00f3n bur\u00f3 de cr\u00e9dito, nombres de los contactos (operaci\u00f3n, venta y cuentas por pagar), referencias, sitio web; en caso de personas morales acta constitutiva, nombre e IFE del representante legal; para personas f\u00edsicas con actividad empresarial: fecha y lugar de nacimiento, edad, sexo, firma aut\u00f3grafa; para extranjeros Forma W9. Usted tiene derecho de acceder a sus datos personales que poseemos y a los detalles del tratamiento de los mismos; as\u00ed como, a rectificarlos en caso de ser inexactos o incompletos y\/o cancelarlos cuando considere que no se requieren para alguna de las finalidades se\u00f1alados en el presente Aviso de Privacidad \u00f3 est\u00e9n siendo utilizados para finalidades no consentidas o haya finalizado la relaci\u00f3n contractual o de servicio o bien, oponerse al tratamiento de los mismos para fines espec\u00edficos, en nuestra p\u00e1gina de Internet <em>www.3tempdistribution.com<\/em> Los mecanismos que se han implementado para el ejercicio de dichos derechos son a trav\u00e9s de la presentaci\u00f3n de la solicitud respectiva, en t\u00e9rminos que marca el art\u00edculo 29 de la Ley Federal de Protecci\u00f3n de Datos Personales en Posesi\u00f3n de los Particulares, ya sea comunic\u00e1ndose telef\u00f3nicamente o por correo electr\u00f3nico, el cual solicitamos confirme v\u00eda telef\u00f3nica para garantizar su correcta recepci\u00f3n. Su solicitud deber\u00e1 contener su Nombre completo y la informaci\u00f3n que se desee modificar. El plazo para atender su solicitud es de cinco d\u00edas h\u00e1biles. Nos comprometemos a no transferir su informaci\u00f3n personal a terceros sin su consentimiento, salvo las excepciones previstas en el art\u00edculo 37 de la Ley Federal de Protecci\u00f3n de Datos Personales en Posesi\u00f3n de los Particulares. Si usted no manifiesta su oposici\u00f3n para que sus datos personales sean transferidos, se entender\u00e1 que ha otorgado su consentimiento para ello.<\/p>\t\t\t\t\t\t<\/div>\n\t\t\t\t<\/div>\n\t\t\t\t\t<\/div>\n\t\t<\/div>\n\t\t\t\t\t\t\t<\/div>\n\t\t<\/section>\n\t\t\t\t\t\t\t<\/div>\n\t\t","protected":false},"excerpt":{"rendered":"<p>Aviso de Privacidad 3 TEMP DISTRIBUTION, con domicilio en calle Transportistas 15 BOD K10, Colonia Alvaro Obreg\u00f3n Alcald\u00eda Iztapalapa C.P. 09230, CMDX., en cumplimiento con lo establecido por la Ley Federal de Protecci\u00f3n de Datos Personales en Posesi\u00f3n de los Particulares, hace de su conocimiento que la informaci\u00f3n personal de sus Clientes y Proveedores ser\u00e1 &hellip;<\/p>\n<p class=\"read-more\"> <a class=\"\" href=\"https:\/\/3tempdistribution.com\/index.php\/privacidad\/\"> <span class=\"screen-reader-text\">Privacidad<\/span> Leer m\u00e1s &raquo;<\/a><\/p>\n","protected":false},"author":1,"featured_media":0,"parent":0,"menu_order":0,"comment_status":"closed","ping_status":"closed","template":"","meta":{"site-sidebar-layout":"no-sidebar","site-content-layout":"page-builder","ast-global-header-display":"","ast-banner-title-visibility":"","ast-main-header-display":"","ast-hfb-above-header-display":"","ast-hfb-below-header-display":"","ast-hfb-mobile-header-display":"","site-post-title":"disabled","ast-breadcrumbs-content":"","ast-featured-img":"disabled","footer-sml-layout":"","theme-transparent-header-meta":"","adv-header-id-meta":"","stick-header-meta":"","header-above-stick-meta":"","header-main-stick-meta":"","header-below-stick-meta":"","_joinchat":[],"footnotes":""},"class_list":["post-37","page","type-page","status-publish","hentry"],"_links":{"self":[{"href":"https:\/\/3tempdistribution.com\/index.php\/wp-json\/wp\/v2\/pages\/37","targetHints":{"allow":["GET"]}}],"collection":[{"href":"https:\/\/3tempdistribution.com\/index.php\/wp-json\/wp\/v2\/pages"}],"about":[{"href":"https:\/\/3tempdistribution.com\/index.php\/wp-json\/wp\/v2\/types\/page"}],"author":[{"embeddable":true,"href":"https:\/\/3tempdistribution.com\/index.php\/wp-json\/wp\/v2\/users\/1"}],"replies":[{"embeddable":true,"href":"https:\/\/3tempdistribution.com\/index.php\/wp-json\/wp\/v2\/comments?post=37"}],"version-history":[{"count":4,"href":"https:\/\/3tempdistribution.com\/index.php\/wp-json\/wp\/v2\/pages\/37\/revisions"}],"predecessor-version":[{"id":293,"href":"https:\/\/3tempdistribution.com\/index.php\/wp-json\/wp\/v2\/pages\/37\/revisions\/293"}],"wp:attachment":[{"href":"https:\/\/3tempdistribution.com\/index.php\/wp-json\/wp\/v2\/media?parent=37"}],"curies":[{"name":"wp","href":"https:\/\/api.w.org\/{rel}","templated":true}]}}